{"id":2,"date":"2022-02-21T03:46:27","date_gmt":"2022-02-21T03:46:27","guid":{"rendered":"http:\/\/hazfotos.com\/?page_id=2"},"modified":"2022-02-21T07:45:26","modified_gmt":"2022-02-21T07:45:26","slug":"terminos-y-condiciones","status":"publish","type":"page","link":"https:\/\/hazfotos.com\/?page_id=2","title":{"rendered":"T\u00e9rminos y Condiciones"},"content":{"rendered":"[et_pb_section fb_built=&#8221;1&#8243; admin_label=&#8221;section&#8221; _builder_version=&#8221;3.22&#8243; global_colors_info=&#8221;{}&#8221;][et_pb_row admin_label=&#8221;row&#8221; _builder_version=&#8221;3.25&#8243; background_size=&#8221;initial&#8221; background_position=&#8221;top_left&#8221; background_repeat=&#8221;repeat&#8221; global_colors_info=&#8221;{}&#8221;][et_pb_column type=&#8221;4_4&#8243; _builder_version=&#8221;3.25&#8243; custom_padding=&#8221;|||&#8221; global_colors_info=&#8221;{}&#8221; custom_padding__hover=&#8221;|||&#8221;][et_pb_text admin_label=&#8221;Text&#8221; _builder_version=&#8221;4.14.7&#8243; background_size=&#8221;initial&#8221; background_position=&#8221;top_left&#8221; background_repeat=&#8221;repeat&#8221; global_colors_info=&#8221;{}&#8221;]<h2>T\u00c9RMINOS Y CONDICIONES<\/h2>\n<p>&nbsp;<\/p>\n<p>REGISTRO<\/p>\n<p>El presente sitio web <a href=\"https:\/\/hazfotos.com\">www.hazfotos.com<\/a> operado por EL ABC DE LA FOTOGRAF\u00cdA cuenta con una forma de registro en la cual se recopilar\u00e1n los datos de contacto del interesado, los cuales ser\u00e1n tratados y utilizados de conformidad con lo establecido en el Aviso de Privacidad ubicado en en este mismo sitio.<\/p>\n<p>MODALIDAD<\/p>\n<p>El curso de fotograf\u00eda para viajes anunciado en est\u00e1 p\u00e1gina se ofrece en modalidad \u201ca distancia\u201d, a trav\u00e9s de una plataforma de videoconferencias a la que podr\u00e1n conectarse los alumnos los d\u00edas y horarios acordados en el programa de clases. Las clases se realizan en vivo con el instructor a fin de permitir la resoluci\u00f3n de dudas durante las clases.<\/p>\n<p>DIN\u00c1MICA DE LAS CLASES<\/p>\n<p>Durante las clases se impartir\u00e1n contenidos te\u00f3rico-pr\u00e1cticos que deber\u00e1n ser complementados con ejercicios que el alumno deber\u00e1 realizar entre clase y clase, a fin de poner en pr\u00e1ctica los conocimientos adquiridos en clase.<\/p>\n<p>REQUISITOS<\/p>\n<p>Ser\u00e1 responsabilidad del alumno el contar con los medios necesarios para poder conectarse a las sesiones de videoconferencia, los cuales comprenden, como requisito indispensable, conexi\u00f3n a internet, webcam y micr\u00f3fono.<\/p>\n<p>DURACI\u00d3N<\/p>\n<p>La Duraci\u00f3n delcurso de fotograf\u00eda para viajes anunciado en est\u00e1 p\u00e1gina es de 10 horas.<\/p>\n<p>PROGRAMACI\u00d3N DE CLASES<\/p>\n<p>La programaci\u00f3n de las fechas y horarios de clases ser\u00e1n acordados al inicio del curso con cada alumno o grupo de alumnos en funci\u00f3n de la disponibilidad de tiempo de ambas partes.<\/p>\n<p>REPROGRAMACI\u00d3N DE CLASES<\/p>\n<p>A solicitud de cualquiera de las partes y de manera previa a las fechas y horarios acordados, las clases podr\u00e1n ser reprogramadas de com\u00fan acuerdo entre el ABC DE LA FOTOGRAF\u00cdA y el alumno o grupo de alumnos.<\/p>\n<p>INASISTENCIAS<\/p>\n<p>Las clases que se pierdan por inasistencia de los alumnos y que sean derivadas de causas de fuerza mayor, ser\u00e1n repuestas por parte de EL ABC DE LA FOTOGRAF\u00cdA en fechas y horas acordadas con el alumno.<\/p>\n<p>GARANT\u00cdA DE APRENDIZAJE<\/p>\n<p>EL ABC DE LA FOTOGRAF\u00cdA ofrece a los alumnos que se hayan inscrito en el curso b\u00e1sico, la posibilidad de asistir y tomar nuevamente el curso b\u00e1sico sin costo alguno, en las fechas en que \u00e9ste se programe para nuevos alumnos de primera vez.<\/p>\n<p>COMUNIDAD DE ALUMNOS<\/p>\n<p>Con la inscripci\u00f3n a cualquiera de los cursos de EL ABC DE LA FOTOGRAF\u00cdA, el alumno formar\u00e1 parte permanente de la comunidad de alumnos en el grupo privado de Facebook dispuesto para tal fin.<\/p>\n<p>REFERENCIAS<\/p>\n<p>En caso de as\u00ed requerirlo, los alumnos pueden solicitar los datos de contacto de alumnos y exalumnos de EL ABC DE LA FOTOGRAF\u00cdA a fin de solicitar referencias de los cursos.<\/p>\n<p>PRECIO<\/p>\n<p>El precio del curso ser\u00e1 el indicado en la p\u00e1gina web https:\/\/hazfotos.com, el cual estar\u00e1 expresado en Pesos Mexicanos.<\/p>\n<p>FORMA DE PAGO.<\/p>\n<p>El pago de los cursos se podr\u00e1 realizar mediante dep\u00f3sito, pago o transferencia a trav\u00e9s de portales y apps bancarias o a trav\u00e9s de pago en las tiendas OXXO. Los datos para realizar el pago ser\u00e1n proporcionados al manifestar los alumnos la intenci\u00f3n de inscribirse a un curso.<\/p>\n<p>POL\u00cdTICA DE REEMBOLSO<\/p>\n<p>El reembolso aplica solo en caso de que EL ABC DE LA FOTOGRAF\u00cdA cancele un curso y este no se pueda reprogramar para otra fecha, por lo que cualquier otro motivo por la que se solicite un reembolso podr\u00e1 ser considerado como inv\u00e1lido. Para poder iniciar una solicitud de reembolso es necesario mandar un correo electr\u00f3nico a info@abcdelafotografia.com, el cual deber\u00e1 incluir nombre completo del alumno, fecha programada de inicio del curso, monto pagado y motivo de reembolso.<\/p>\n<p>DATOS DE CONTACTO:<\/p>\n<ul>\n<li>Tel\u00e9fono\/Whatsapp : 5564602707<\/li>\n<li>Email: <a href=\"mailto:info@hazfotos.com\">info@hazfotos.com<\/a><\/li>\n<li>P\u00e1gina web: <a href=\"https:\/\/hazfotos.com\">https:\/\/hazfotos.com<\/a><\/li>\n<\/ul>\n<p>Al inscribirse el interesado a curso anunciado en este sitio web manifiesta aceptar de conformidad los presentes t\u00e9rminos y condiciones.<\/p>\n<p><\/p>[\/et_pb_text][et_pb_button button_url=&#8221;https:\/\/hazfotos.com&#8221; button_text=&#8221;Regresar a la p\u00e1gina principal&#8221; button_alignment=&#8221;center&#8221; _builder_version=&#8221;4.14.7&#8243; _module_preset=&#8221;default&#8221; custom_button=&#8221;on&#8221; button_text_color=&#8221;#FFFFFF&#8221; button_bg_color=&#8221;#0C71C3&#8243; button_border_radius=&#8221;32px&#8221; background_layout=&#8221;dark&#8221; global_colors_info=&#8221;{}&#8221;][\/et_pb_button][\/et_pb_column][\/et_pb_row][\/et_pb_section]<!-- \/wp:post-content -->","protected":false},"excerpt":{"rendered":"<p>T\u00c9RMINOS Y CONDICIONES &nbsp; REGISTRO El presente sitio web www.hazfotos.com operado por EL ABC DE LA FOTOGRAF\u00cdA cuenta con una forma de registro en la cual se recopilar\u00e1n los datos de contacto del interesado, los cuales ser\u00e1n tratados y utilizados de conformidad con lo establecido en el Aviso de Privacidad ubicado en en este mismo [&hellip;]<\/p>\n","protected":false},"author":1,"featured_media":0,"parent":13,"menu_order":0,"comment_status":"closed","ping_status":"closed","template":"","meta":{"_et_pb_use_builder":"on","_et_pb_old_content":"<!-- wp:paragraph -->\n<p>This is an example page. It's different from a blog post because it will stay in one place and will show up in your site navigation (in most themes). Most people start with an About page that introduces them to potential site visitors. It might say something like this:<\/p>\n<!-- \/wp:paragraph -->\n\n<!-- wp:quote -->\n<blockquote class=\"wp-block-quote\"><p>Hi there! I'm a bike messenger by day, aspiring actor by night, and this is my website. I live in Los Angeles, have a great dog named Jack, and I like pi\u00f1a coladas. (And gettin' caught in the rain.)<\/p><\/blockquote>\n<!-- \/wp:quote -->\n\n<!-- wp:paragraph -->\n<p>...or something like this:<\/p>\n<!-- \/wp:paragraph -->\n\n<!-- wp:quote -->\n<blockquote class=\"wp-block-quote\"><p>The XYZ Doohickey Company was founded in 1971, and has been providing quality doohickeys to the public ever since. Located in Gotham City, XYZ employs over 2,000 people and does all kinds of awesome things for the Gotham community.<\/p><\/blockquote>\n<!-- \/wp:quote -->\n\n<!-- wp:paragraph -->\n<p>As a new WordPress user, you should go to <a href=\"http:\/\/hazfotos.com\/wp-admin\/\">your dashboard<\/a> to delete this page and create new pages for your content. Have fun!<\/p>\n<!-- \/wp:paragraph -->","_et_gb_content_width":"1080","footnotes":""},"class_list":["post-2","page","type-page","status-publish","hentry"],"yoast_head":"<!-- This site is optimized with the Yoast SEO plugin v26.2 - https:\/\/yoast.com\/wordpress\/plugins\/seo\/ -->\n<title>T\u00e9rminos y Condiciones - \u00a1 haz fotos !<\/title>\n<meta name=\"robots\" content=\"index, follow, max-snippet:-1, max-image-preview:large, max-video-preview:-1\" \/>\n<link rel=\"canonical\" href=\"https:\/\/hazfotos.com\/?page_id=2\" \/>\n<meta property=\"og:locale\" content=\"en_US\" \/>\n<meta property=\"og:type\" content=\"article\" \/>\n<meta property=\"og:title\" content=\"T\u00e9rminos y Condiciones - \u00a1 haz fotos !\" \/>\n<meta property=\"og:description\" content=\"T\u00c9RMINOS Y CONDICIONES &nbsp; REGISTRO El presente sitio web www.hazfotos.com operado por EL ABC DE LA FOTOGRAF\u00cdA cuenta con una forma de registro en la cual se recopilar\u00e1n los datos de contacto del interesado, los cuales ser\u00e1n tratados y utilizados de conformidad con lo establecido en el Aviso de Privacidad ubicado en en este mismo [&hellip;]\" \/>\n<meta property=\"og:url\" content=\"https:\/\/hazfotos.com\/?page_id=2\" \/>\n<meta property=\"og:site_name\" content=\"\u00a1 haz fotos !\" \/>\n<meta property=\"article:modified_time\" content=\"2022-02-21T07:45:26+00:00\" \/>\n<meta name=\"twitter:card\" content=\"summary_large_image\" \/>\n<meta name=\"twitter:label1\" content=\"Est. reading time\" \/>\n\t<meta name=\"twitter:data1\" content=\"4 minutes\" \/>\n<script type=\"application\/ld+json\" class=\"yoast-schema-graph\">{\"@context\":\"https:\/\/schema.org\",\"@graph\":[{\"@type\":\"WebPage\",\"@id\":\"https:\/\/hazfotos.com\/?page_id=2\",\"url\":\"https:\/\/hazfotos.com\/?page_id=2\",\"name\":\"T\u00e9rminos y Condiciones - \u00a1 haz fotos !\",\"isPartOf\":{\"@id\":\"https:\/\/hazfotos.com\/#website\"},\"datePublished\":\"2022-02-21T03:46:27+00:00\",\"dateModified\":\"2022-02-21T07:45:26+00:00\",\"breadcrumb\":{\"@id\":\"https:\/\/hazfotos.com\/?page_id=2#breadcrumb\"},\"inLanguage\":\"en-US\",\"potentialAction\":[{\"@type\":\"ReadAction\",\"target\":[\"https:\/\/hazfotos.com\/?page_id=2\"]}]},{\"@type\":\"BreadcrumbList\",\"@id\":\"https:\/\/hazfotos.com\/?page_id=2#breadcrumb\",\"itemListElement\":[{\"@type\":\"ListItem\",\"position\":1,\"name\":\"Home\",\"item\":\"https:\/\/hazfotos.com\/\"},{\"@type\":\"ListItem\",\"position\":2,\"name\":\"Inicio\",\"item\":\"https:\/\/hazfotos.com\/\"},{\"@type\":\"ListItem\",\"position\":3,\"name\":\"T\u00e9rminos y Condiciones\"}]},{\"@type\":\"WebSite\",\"@id\":\"https:\/\/hazfotos.com\/#website\",\"url\":\"https:\/\/hazfotos.com\/\",\"name\":\"\u00a1 haz fotos !\",\"description\":\"Espectaculares fotograf\u00edas de tus viajes\",\"potentialAction\":[{\"@type\":\"SearchAction\",\"target\":{\"@type\":\"EntryPoint\",\"urlTemplate\":\"https:\/\/hazfotos.com\/?s={search_term_string}\"},\"query-input\":{\"@type\":\"PropertyValueSpecification\",\"valueRequired\":true,\"valueName\":\"search_term_string\"}}],\"inLanguage\":\"en-US\"}]}<\/script>\n<!-- \/ Yoast SEO plugin. -->","yoast_head_json":{"title":"T\u00e9rminos y Condiciones - \u00a1 haz fotos !","robots":{"index":"index","follow":"follow","max-snippet":"max-snippet:-1","max-image-preview":"max-image-preview:large","max-video-preview":"max-video-preview:-1"},"canonical":"https:\/\/hazfotos.com\/?page_id=2","og_locale":"en_US","og_type":"article","og_title":"T\u00e9rminos y Condiciones - \u00a1 haz fotos !","og_description":"T\u00c9RMINOS Y CONDICIONES &nbsp; REGISTRO El presente sitio web www.hazfotos.com operado por EL ABC DE LA FOTOGRAF\u00cdA cuenta con una forma de registro en la cual se recopilar\u00e1n los datos de contacto del interesado, los cuales ser\u00e1n tratados y utilizados de conformidad con lo establecido en el Aviso de Privacidad ubicado en en este mismo [&hellip;]","og_url":"https:\/\/hazfotos.com\/?page_id=2","og_site_name":"\u00a1 haz fotos !","article_modified_time":"2022-02-21T07:45:26+00:00","twitter_card":"summary_large_image","twitter_misc":{"Est. reading time":"4 minutes"},"schema":{"@context":"https:\/\/schema.org","@graph":[{"@type":"WebPage","@id":"https:\/\/hazfotos.com\/?page_id=2","url":"https:\/\/hazfotos.com\/?page_id=2","name":"T\u00e9rminos y Condiciones - \u00a1 haz fotos !","isPartOf":{"@id":"https:\/\/hazfotos.com\/#website"},"datePublished":"2022-02-21T03:46:27+00:00","dateModified":"2022-02-21T07:45:26+00:00","breadcrumb":{"@id":"https:\/\/hazfotos.com\/?page_id=2#breadcrumb"},"inLanguage":"en-US","potentialAction":[{"@type":"ReadAction","target":["https:\/\/hazfotos.com\/?page_id=2"]}]},{"@type":"BreadcrumbList","@id":"https:\/\/hazfotos.com\/?page_id=2#breadcrumb","itemListElement":[{"@type":"ListItem","position":1,"name":"Home","item":"https:\/\/hazfotos.com\/"},{"@type":"ListItem","position":2,"name":"Inicio","item":"https:\/\/hazfotos.com\/"},{"@type":"ListItem","position":3,"name":"T\u00e9rminos y Condiciones"}]},{"@type":"WebSite","@id":"https:\/\/hazfotos.com\/#website","url":"https:\/\/hazfotos.com\/","name":"\u00a1 haz fotos !","description":"Espectaculares fotograf\u00edas de tus viajes","potentialAction":[{"@type":"SearchAction","target":{"@type":"EntryPoint","urlTemplate":"https:\/\/hazfotos.com\/?s={search_term_string}"},"query-input":{"@type":"PropertyValueSpecification","valueRequired":true,"valueName":"search_term_string"}}],"inLanguage":"en-US"}]}},"_links":{"self":[{"href":"https:\/\/hazfotos.com\/index.php?rest_route=\/wp\/v2\/pages\/2","targetHints":{"allow":["GET"]}}],"collection":[{"href":"https:\/\/hazfotos.com\/index.php?rest_route=\/wp\/v2\/pages"}],"about":[{"href":"https:\/\/hazfotos.com\/index.php?rest_route=\/wp\/v2\/types\/page"}],"author":[{"embeddable":true,"href":"https:\/\/hazfotos.com\/index.php?rest_route=\/wp\/v2\/users\/1"}],"replies":[{"embeddable":true,"href":"https:\/\/hazfotos.com\/index.php?rest_route=%2Fwp%2Fv2%2Fcomments&post=2"}],"version-history":[{"count":6,"href":"https:\/\/hazfotos.com\/index.php?rest_route=\/wp\/v2\/pages\/2\/revisions"}],"predecessor-version":[{"id":103,"href":"https:\/\/hazfotos.com\/index.php?rest_route=\/wp\/v2\/pages\/2\/revisions\/103"}],"up":[{"embeddable":true,"href":"https:\/\/hazfotos.com\/index.php?rest_route=\/wp\/v2\/pages\/13"}],"wp:attachment":[{"href":"https:\/\/hazfotos.com\/index.php?rest_route=%2Fwp%2Fv2%2Fmedia&parent=2"}],"curies":[{"name":"wp","href":"https:\/\/api.w.org\/{rel}","templated":true}]}}