{"id":3,"date":"2022-02-21T03:46:27","date_gmt":"2022-02-21T03:46:27","guid":{"rendered":"http:\/\/hazfotos.com\/?page_id=3"},"modified":"2022-02-21T06:42:12","modified_gmt":"2022-02-21T06:42:12","slug":"aviso-de-privacidad","status":"publish","type":"page","link":"https:\/\/hazfotos.com\/?page_id=3","title":{"rendered":"Aviso de Privacidad"},"content":{"rendered":"<p>[et_pb_section fb_built=&#8221;1&#8243; _builder_version=&#8221;3.22&#8243; custom_padding=&#8221;0px|||||&#8221; global_colors_info=&#8221;{}&#8221;][et_pb_row _builder_version=&#8221;3.25&#8243; background_size=&#8221;initial&#8221; background_position=&#8221;top_left&#8221; background_repeat=&#8221;repeat&#8221; custom_padding=&#8221;||3px|||&#8221; global_colors_info=&#8221;{}&#8221;][et_pb_column type=&#8221;4_4&#8243; _builder_version=&#8221;3.25&#8243; custom_padding=&#8221;|||&#8221; global_colors_info=&#8221;{}&#8221; custom_padding__hover=&#8221;|||&#8221;][et_pb_text _builder_version=&#8221;4.14.7&#8243; background_size=&#8221;initial&#8221; background_position=&#8221;top_left&#8221; background_repeat=&#8221;repeat&#8221; global_colors_info=&#8221;{}&#8221;]<\/p>\n<p><!-- divi:heading --><\/p>\n<h1><\/h1>\n<h2>AVISO DE PRIVACIDAD<\/h2>\n<p>&nbsp;<\/p>\n<p>El presente sitio web <a href=\"https:\/\/hazfotos.com\">www.hazfotos.com<\/a> es operado por EL ABC DE LA FOTOGRAF\u00cdA, con domicilio en Dakota 254-Local G, N\u00e1poles, Benito Ju\u00e1rez, 03810 Ciudad de M\u00e9xico, CDMX, quien de conformidad con lo dispuesto en la Ley Federal de Protecci\u00f3n de Datos Personales, hace de su conocimiento el presente Aviso de Privacidad para sus usuarios:<\/p>\n<p>SOBRE EL TRATAMIENTO DE SUS DATOS PERSONALES DE SUS USUARIOS:<\/p>\n<p>Recabamos sus datos personales para los efectos mencionados en el presente Aviso de Privacidad. En este sentido, hacemos de su conocimiento que sus datos personales ser\u00e1n tratados y resguardados con base en los principios de licitud, calidad, consentimiento, informaci\u00f3n, finalidad, lealtad, proporcionalidad y responsabilidad, consagrados en la Ley Federal de Protecci\u00f3n de Datos Personales.<\/p>\n<p>FINALIDAD EN EL TRATAMIENTO DE SUS DATOS PERSONALES:<\/p>\n<p>Recopilamos sus datos personales por lo que solicitamos su consentimiento a trav\u00e9s del presente Aviso de Privacidad con el objeto de utilizarlos para los siguientes fines:<\/p>\n<ul>\n<li>Identificarlo como usuario de nuestra p\u00e1gina.<\/li>\n<li>Env\u00edo de informaci\u00f3n sobre nuestros Cursos y eventos relacionados con el arte fotogr\u00e1fico.<\/li>\n<li>Estad\u00edsticas.<\/li>\n<\/ul>\n<p>MEDIOS PARA LIMITAR EL USO O DIVULGACI\u00d3N DE SUS DATOS PERSONALES:<\/p>\n<p>Hacemos de su conocimiento que sus datos personales ser\u00e1n resguardados bajo estrictas medidas de seguridad a fin de protegerlos contra el uso, acceso o tratamiento no autorizados.<\/p>\n<p><!-- \/divi:paragraph --><\/p>\n<p>[\/et_pb_text][\/et_pb_column][\/et_pb_row][et_pb_row _builder_version=&#8221;3.25&#8243; background_size=&#8221;initial&#8221; background_position=&#8221;top_left&#8221; background_repeat=&#8221;repeat&#8221; custom_padding=&#8221;0px|||||&#8221; global_colors_info=&#8221;{}&#8221;][et_pb_column type=&#8221;4_4&#8243; _builder_version=&#8221;3.25&#8243; custom_padding=&#8221;|||&#8221; global_colors_info=&#8221;{}&#8221; custom_padding__hover=&#8221;|||&#8221;][et_pb_text module_id=&#8221;derechos_arco&#8221; _builder_version=&#8221;4.14.7&#8243; background_size=&#8221;initial&#8221; background_position=&#8221;top_left&#8221; background_repeat=&#8221;repeat&#8221; min_height=&#8221;536.3px&#8221; global_colors_info=&#8221;{}&#8221;]<\/p>\n<p><!-- divi:heading --><\/p>\n<p>MEDIOS PARA EL EJERCICIO DE SUS DERECHOS COMO TITULAR DE LOS DATOS PERSONALES:<\/p>\n<p>Como titular de los datos personales objeto del presente Aviso de Privacidad, usted podr\u00e1 ejercer sus derechos de acceso, rectificaci\u00f3n, cancelaci\u00f3n u oposici\u00f3n (Derechos ARCO), mismos que se consagran en la Ley Federal de Protecci\u00f3n de Datos Personales en Posesi\u00f3n de los Particulares. As\u00ed mismo podr\u00e1 revocar el consentimiento otorgado para el uso de sus datos personales. En cualquiera de estos supuestos, puede realizar su solicitud mediante el env\u00edo de un correo electr\u00f3nico a la direcci\u00f3n info@abcdelafotografia.com<\/p>\n<p>Con la finalidad de poder atender su solicitud, \u00e9sta deber\u00e1 satisfacer todos los requisitos estipulados en la Ley Federal de Protecci\u00f3n de Datos Personales en Posesi\u00f3n de los Particulares.<\/p>\n<p>TRANSFERENCIA DE SUS DATOS PERSONALES:<\/p>\n<p>Sus datos personales no podr\u00e1n ser transferidos a terceros.<\/p>\n<p>CAMBIOS AL PRESENTE AVISO DE PRIVACIDAD:<\/p>\n<p>El presente Aviso de Privacidad podr\u00e1 ser modificado en el futuro. En todo caso, cualquier modificaci\u00f3n al mismo se har\u00e1 de su conocimiento mediante el env\u00edo de un correo electr\u00f3nico a la cuenta que usted nos proporcion\u00f3 inicialmente para hacer de su conocimiento el presente Aviso de Privacidad y\/o mediante la publicaci\u00f3n del mismo en la siguiente p\u00e1gina web: www.abcdelafotografia.com<\/p>\n<p>No seremos responsables en el caso de que usted no reciba la referida notificaci\u00f3n de cambio en el Aviso de Privacidad por causa de alg\u00fan problema con su cuenta de correo electr\u00f3nico o de transmisi\u00f3n de datos por internet. Sin embargo, por su seguridad, el Aviso de Privacidad vigente estar\u00e1 disponible en todo momento en la p\u00e1gina web antes se\u00f1alada.<\/p>\n<p>AL ACCESAR Y HACER USO DE LOS RECURSOS CONTENIDOS EN ESTA P\u00c1GINA USTED ACEPTA DE CONFORMIDAD EL PRESENTE AVISO DE PRIVACIDAD Y DA SU CONSENTIMIENTO PARA EL TRATAMIENTO DE SUS DATOS PERSONALES EN LOS T\u00c9RMINOS AQU\u00cd EXPRESADOS.<\/p>\n<p><!-- \/divi:paragraph --><\/p>\n<p>[\/et_pb_text][et_pb_button button_url=&#8221;https:\/\/hazfotos.com&#8221; button_text=&#8221;Regresar a la p\u00e1gina principal&#8221; button_alignment=&#8221;center&#8221; _builder_version=&#8221;4.14.7&#8243; _module_preset=&#8221;default&#8221; custom_button=&#8221;on&#8221; button_text_color=&#8221;#FFFFFF&#8221; button_bg_color=&#8221;#0C71C3&#8243; button_border_radius=&#8221;32px&#8221; background_layout=&#8221;dark&#8221; hover_enabled=&#8221;0&#8243; global_colors_info=&#8221;{}&#8221; sticky_enabled=&#8221;0&#8243;][\/et_pb_button][\/et_pb_column][\/et_pb_row][\/et_pb_section]<\/p>\n","protected":false},"excerpt":{"rendered":"<p>AVISO DE PRIVACIDAD &nbsp; El presente sitio web www.hazfotos.com es operado por EL ABC DE LA FOTOGRAF\u00cdA, con domicilio en Dakota 254-Local G, N\u00e1poles, Benito Ju\u00e1rez, 03810 Ciudad de M\u00e9xico, CDMX, quien de conformidad con lo dispuesto en la Ley Federal de Protecci\u00f3n de Datos Personales, hace de su conocimiento el presente Aviso de Privacidad [&hellip;]<\/p>\n","protected":false},"author":1,"featured_media":0,"parent":13,"menu_order":0,"comment_status":"closed","ping_status":"closed","template":"","meta":{"_et_pb_use_builder":"on","_et_pb_old_content":"<!-- wp:heading -->\n<h2 id=\"who-we-are\">Who we are<\/h2>\n<!-- \/wp:heading -->\n\n<!-- wp:paragraph -->\n<p><strong class=\"privacy-policy-tutorial\">Suggested text: <\/strong>Our website address is: http:\/\/hazfotos.com.<\/p>\n<!-- \/wp:paragraph -->\n\n<!-- wp:heading -->\n<h2 id=\"comments\">Comments<\/h2>\n<!-- \/wp:heading -->\n\n<!-- wp:paragraph -->\n<p><strong class=\"privacy-policy-tutorial\">Suggested text: <\/strong>When visitors leave comments on the site we collect the data shown in the comments form, and also the visitor\u2019s IP address and browser user agent string to help spam detection.<\/p>\n<!-- \/wp:paragraph -->\n\n<!-- wp:paragraph -->\n<p>An anonymized string created from your email address (also called a hash) may be provided to the Gravatar service to see if you are using it. The Gravatar service privacy policy is available here: https:\/\/automattic.com\/privacy\/. After approval of your comment, your profile picture is visible to the public in the context of your comment.<\/p>\n<!-- \/wp:paragraph -->\n\n<!-- wp:heading -->\n<h2 id=\"media\">Media<\/h2>\n<!-- \/wp:heading -->\n\n<!-- wp:paragraph -->\n<p><strong class=\"privacy-policy-tutorial\">Suggested text: <\/strong>If you upload images to the website, you should avoid uploading images with embedded location data (EXIF GPS) included. Visitors to the website can download and extract any location data from images on the website.<\/p>\n<!-- \/wp:paragraph -->\n\n<!-- wp:heading -->\n<h2 id=\"cookies\">Cookies<\/h2>\n<!-- \/wp:heading -->\n\n<!-- wp:paragraph -->\n<p><strong class=\"privacy-policy-tutorial\">Suggested text: <\/strong>If you leave a comment on our site you may opt-in to saving your name, email address and website in cookies. These are for your convenience so that you do not have to fill in your details again when you leave another comment. These cookies will last for one year.<\/p>\n<!-- \/wp:paragraph -->\n\n<!-- wp:paragraph -->\n<p>If you visit our login page, we will set a temporary cookie to determine if your browser accepts cookies. This cookie contains no personal data and is discarded when you close your browser.<\/p>\n<!-- \/wp:paragraph -->\n\n<!-- wp:paragraph -->\n<p>When you log in, we will also set up several cookies to save your login information and your screen display choices. Login cookies last for two days, and screen options cookies last for a year. If you select \"Remember Me\", your login will persist for two weeks. If you log out of your account, the login cookies will be removed.<\/p>\n<!-- \/wp:paragraph -->\n\n<!-- wp:paragraph -->\n<p>If you edit or publish an article, an additional cookie will be saved in your browser. This cookie includes no personal data and simply indicates the post ID of the article you just edited. It expires after 1 day.<\/p>\n<!-- \/wp:paragraph -->\n\n<!-- wp:heading -->\n<h2 id=\"embedded-content-from-other-websites\">Embedded content from other websites<\/h2>\n<!-- \/wp:heading -->\n\n<!-- wp:paragraph -->\n<p><strong class=\"privacy-policy-tutorial\">Suggested text: <\/strong>Articles on this site may include embedded content (e.g. videos, images, articles, etc.). Embedded content from other websites behaves in the exact same way as if the visitor has visited the other website.<\/p>\n<!-- \/wp:paragraph -->\n\n<!-- wp:paragraph -->\n<p>These websites may collect data about you, use cookies, embed additional third-party tracking, and monitor your interaction with that embedded content, including tracking your interaction with the embedded content if you have an account and are logged in to that website.<\/p>\n<!-- \/wp:paragraph -->\n\n<!-- wp:heading -->\n<h2 id=\"who-we-share-your-data-with\">Who we share your data with<\/h2>\n<!-- \/wp:heading -->\n\n<!-- wp:paragraph -->\n<p><strong class=\"privacy-policy-tutorial\">Suggested text: <\/strong>If you request a password reset, your IP address will be included in the reset email.<\/p>\n<!-- \/wp:paragraph -->\n\n<!-- wp:heading -->\n<h2 id=\"how-long-we-retain-your-data\">How long we retain your data<\/h2>\n<!-- \/wp:heading -->\n\n<!-- wp:paragraph -->\n<p><strong class=\"privacy-policy-tutorial\">Suggested text: <\/strong>If you leave a comment, the comment and its metadata are retained indefinitely. This is so we can recognize and approve any follow-up comments automatically instead of holding them in a moderation queue.<\/p>\n<!-- \/wp:paragraph -->\n\n<!-- wp:paragraph -->\n<p>For users that register on our website (if any), we also store the personal information they provide in their user profile. All users can see, edit, or delete their personal information at any time (except they cannot change their username). Website administrators can also see and edit that information.<\/p>\n<!-- \/wp:paragraph -->\n\n<!-- wp:heading -->\n<h2 id=\"what-rights-you-have-over-your-data\">What rights you have over your data<\/h2>\n<!-- \/wp:heading -->\n\n<!-- wp:paragraph -->\n<p><strong class=\"privacy-policy-tutorial\">Suggested text: <\/strong>If you have an account on this site, or have left comments, you can request to receive an exported file of the personal data we hold about you, including any data you have provided to us. You can also request that we erase any personal data we hold about you. This does not include any data we are obliged to keep for administrative, legal, or security purposes.<\/p>\n<!-- \/wp:paragraph -->\n\n<!-- wp:heading -->\n<h2 id=\"where-we-send-your-data\">Where we send your data<\/h2>\n<!-- \/wp:heading -->\n\n<!-- wp:paragraph -->\n<p><strong class=\"privacy-policy-tutorial\">Suggested text: <\/strong>Visitor comments may be checked through an automated spam detection service.<\/p>\n<!-- \/wp:paragraph -->","_et_gb_content_width":"","footnotes":""},"class_list":["post-3","page","type-page","status-publish","hentry"],"yoast_head":"<!-- This site is optimized with the Yoast SEO plugin v26.2 - https:\/\/yoast.com\/wordpress\/plugins\/seo\/ -->\n<title>Aviso de Privacidad - \u00a1 haz fotos !<\/title>\n<meta name=\"robots\" content=\"index, follow, max-snippet:-1, max-image-preview:large, max-video-preview:-1\" \/>\n<link rel=\"canonical\" href=\"https:\/\/hazfotos.com\/?page_id=3\" \/>\n<meta property=\"og:locale\" content=\"en_US\" \/>\n<meta property=\"og:type\" content=\"article\" \/>\n<meta property=\"og:title\" content=\"Aviso de Privacidad - \u00a1 haz fotos !\" \/>\n<meta property=\"og:description\" content=\"AVISO DE PRIVACIDAD &nbsp; El presente sitio web www.hazfotos.com es operado por EL ABC DE LA FOTOGRAF\u00cdA, con domicilio en Dakota 254-Local G, N\u00e1poles, Benito Ju\u00e1rez, 03810 Ciudad de M\u00e9xico, CDMX, quien de conformidad con lo dispuesto en la Ley Federal de Protecci\u00f3n de Datos Personales, hace de su conocimiento el presente Aviso de Privacidad [&hellip;]\" \/>\n<meta property=\"og:url\" content=\"https:\/\/hazfotos.com\/?page_id=3\" \/>\n<meta property=\"og:site_name\" content=\"\u00a1 haz fotos !\" \/>\n<meta property=\"article:modified_time\" content=\"2022-02-21T06:42:12+00:00\" \/>\n<meta name=\"twitter:card\" content=\"summary_large_image\" \/>\n<meta name=\"twitter:label1\" content=\"Est. reading time\" \/>\n\t<meta name=\"twitter:data1\" content=\"4 minutes\" \/>\n<script type=\"application\/ld+json\" class=\"yoast-schema-graph\">{\"@context\":\"https:\/\/schema.org\",\"@graph\":[{\"@type\":\"WebPage\",\"@id\":\"https:\/\/hazfotos.com\/?page_id=3\",\"url\":\"https:\/\/hazfotos.com\/?page_id=3\",\"name\":\"Aviso de Privacidad - \u00a1 haz fotos !\",\"isPartOf\":{\"@id\":\"https:\/\/hazfotos.com\/#website\"},\"datePublished\":\"2022-02-21T03:46:27+00:00\",\"dateModified\":\"2022-02-21T06:42:12+00:00\",\"breadcrumb\":{\"@id\":\"https:\/\/hazfotos.com\/?page_id=3#breadcrumb\"},\"inLanguage\":\"en-US\",\"potentialAction\":[{\"@type\":\"ReadAction\",\"target\":[\"https:\/\/hazfotos.com\/?page_id=3\"]}]},{\"@type\":\"BreadcrumbList\",\"@id\":\"https:\/\/hazfotos.com\/?page_id=3#breadcrumb\",\"itemListElement\":[{\"@type\":\"ListItem\",\"position\":1,\"name\":\"Home\",\"item\":\"https:\/\/hazfotos.com\/\"},{\"@type\":\"ListItem\",\"position\":2,\"name\":\"Inicio\",\"item\":\"https:\/\/hazfotos.com\/\"},{\"@type\":\"ListItem\",\"position\":3,\"name\":\"Aviso de Privacidad\"}]},{\"@type\":\"WebSite\",\"@id\":\"https:\/\/hazfotos.com\/#website\",\"url\":\"https:\/\/hazfotos.com\/\",\"name\":\"\u00a1 haz fotos !\",\"description\":\"Espectaculares fotograf\u00edas de tus viajes\",\"potentialAction\":[{\"@type\":\"SearchAction\",\"target\":{\"@type\":\"EntryPoint\",\"urlTemplate\":\"https:\/\/hazfotos.com\/?s={search_term_string}\"},\"query-input\":{\"@type\":\"PropertyValueSpecification\",\"valueRequired\":true,\"valueName\":\"search_term_string\"}}],\"inLanguage\":\"en-US\"}]}<\/script>\n<!-- \/ Yoast SEO plugin. -->","yoast_head_json":{"title":"Aviso de Privacidad - \u00a1 haz fotos !","robots":{"index":"index","follow":"follow","max-snippet":"max-snippet:-1","max-image-preview":"max-image-preview:large","max-video-preview":"max-video-preview:-1"},"canonical":"https:\/\/hazfotos.com\/?page_id=3","og_locale":"en_US","og_type":"article","og_title":"Aviso de Privacidad - \u00a1 haz fotos !","og_description":"AVISO DE PRIVACIDAD &nbsp; El presente sitio web www.hazfotos.com es operado por EL ABC DE LA FOTOGRAF\u00cdA, con domicilio en Dakota 254-Local G, N\u00e1poles, Benito Ju\u00e1rez, 03810 Ciudad de M\u00e9xico, CDMX, quien de conformidad con lo dispuesto en la Ley Federal de Protecci\u00f3n de Datos Personales, hace de su conocimiento el presente Aviso de Privacidad [&hellip;]","og_url":"https:\/\/hazfotos.com\/?page_id=3","og_site_name":"\u00a1 haz fotos !","article_modified_time":"2022-02-21T06:42:12+00:00","twitter_card":"summary_large_image","twitter_misc":{"Est. reading time":"4 minutes"},"schema":{"@context":"https:\/\/schema.org","@graph":[{"@type":"WebPage","@id":"https:\/\/hazfotos.com\/?page_id=3","url":"https:\/\/hazfotos.com\/?page_id=3","name":"Aviso de Privacidad - \u00a1 haz fotos !","isPartOf":{"@id":"https:\/\/hazfotos.com\/#website"},"datePublished":"2022-02-21T03:46:27+00:00","dateModified":"2022-02-21T06:42:12+00:00","breadcrumb":{"@id":"https:\/\/hazfotos.com\/?page_id=3#breadcrumb"},"inLanguage":"en-US","potentialAction":[{"@type":"ReadAction","target":["https:\/\/hazfotos.com\/?page_id=3"]}]},{"@type":"BreadcrumbList","@id":"https:\/\/hazfotos.com\/?page_id=3#breadcrumb","itemListElement":[{"@type":"ListItem","position":1,"name":"Home","item":"https:\/\/hazfotos.com\/"},{"@type":"ListItem","position":2,"name":"Inicio","item":"https:\/\/hazfotos.com\/"},{"@type":"ListItem","position":3,"name":"Aviso de Privacidad"}]},{"@type":"WebSite","@id":"https:\/\/hazfotos.com\/#website","url":"https:\/\/hazfotos.com\/","name":"\u00a1 haz fotos !","description":"Espectaculares fotograf\u00edas de tus viajes","potentialAction":[{"@type":"SearchAction","target":{"@type":"EntryPoint","urlTemplate":"https:\/\/hazfotos.com\/?s={search_term_string}"},"query-input":{"@type":"PropertyValueSpecification","valueRequired":true,"valueName":"search_term_string"}}],"inLanguage":"en-US"}]}},"_links":{"self":[{"href":"https:\/\/hazfotos.com\/index.php?rest_route=\/wp\/v2\/pages\/3","targetHints":{"allow":["GET"]}}],"collection":[{"href":"https:\/\/hazfotos.com\/index.php?rest_route=\/wp\/v2\/pages"}],"about":[{"href":"https:\/\/hazfotos.com\/index.php?rest_route=\/wp\/v2\/types\/page"}],"author":[{"embeddable":true,"href":"https:\/\/hazfotos.com\/index.php?rest_route=\/wp\/v2\/users\/1"}],"replies":[{"embeddable":true,"href":"https:\/\/hazfotos.com\/index.php?rest_route=%2Fwp%2Fv2%2Fcomments&post=3"}],"version-history":[{"count":7,"href":"https:\/\/hazfotos.com\/index.php?rest_route=\/wp\/v2\/pages\/3\/revisions"}],"predecessor-version":[{"id":93,"href":"https:\/\/hazfotos.com\/index.php?rest_route=\/wp\/v2\/pages\/3\/revisions\/93"}],"up":[{"embeddable":true,"href":"https:\/\/hazfotos.com\/index.php?rest_route=\/wp\/v2\/pages\/13"}],"wp:attachment":[{"href":"https:\/\/hazfotos.com\/index.php?rest_route=%2Fwp%2Fv2%2Fmedia&parent=3"}],"curies":[{"name":"wp","href":"https:\/\/api.w.org\/{rel}","templated":true}]}}